{"id":40575,"date":"2021-11-15T17:34:49","date_gmt":"2021-11-15T16:34:49","guid":{"rendered":"https:\/\/dev.silentsoft.com\/rechtlicher-hinweis-und-datenschutzbestimmungen\/"},"modified":"2022-02-09T15:20:33","modified_gmt":"2022-02-09T14:20:33","slug":"rechtlicher-hinweis-und-datenschutzbestimmungen","status":"publish","type":"page","link":"https:\/\/silentsoft.com\/de\/rechtlicher-hinweis-und-datenschutzbestimmungen\/","title":{"rendered":"Rechtlicher Hinweis und Datenschutzbestimmungen"},"content":{"rendered":"\t\t<div data-elementor-type=\"wp-page\" data-elementor-id=\"40575\" class=\"elementor elementor-40575 elementor-40494\" data-elementor-post-type=\"page\">\n\t\t\t\t\t\t<section class=\"elementor-section elementor-top-section elementor-element elementor-element-81402cb elementor-section-boxed elementor-section-height-default elementor-section-height-default\" data-id=\"81402cb\" data-element_type=\"section\">\n\t\t\t\t\t\t<div class=\"elementor-container elementor-column-gap-default\">\n\t\t\t\t\t<div class=\"elementor-column elementor-col-100 elementor-top-column elementor-element elementor-element-d896cdf\" data-id=\"d896cdf\" data-element_type=\"column\">\n\t\t\t<div class=\"elementor-widget-wrap elementor-element-populated\">\n\t\t\t\t\t\t<div class=\"elementor-element elementor-element-ba6ef5c elementor-widget elementor-widget-heading\" data-id=\"ba6ef5c\" data-element_type=\"widget\" data-widget_type=\"heading.default\">\n\t\t\t\t<div class=\"elementor-widget-container\">\n\t\t\t\t\t<h2 class=\"elementor-heading-title elementor-size-default\">Rechtlicher Hinweis und Datenschutzbestimmungen<\/h2>\t\t\t\t<\/div>\n\t\t\t\t<\/div>\n\t\t\t\t\t<\/div>\n\t\t<\/div>\n\t\t\t\t\t<\/div>\n\t\t<\/section>\n\t\t\t\t<section class=\"elementor-section elementor-top-section elementor-element elementor-element-0dcc178 elementor-section-boxed elementor-section-height-default elementor-section-height-default\" data-id=\"0dcc178\" data-element_type=\"section\">\n\t\t\t\t\t\t<div class=\"elementor-container elementor-column-gap-default\">\n\t\t\t\t\t<div class=\"elementor-column elementor-col-100 elementor-top-column elementor-element elementor-element-513894c\" data-id=\"513894c\" data-element_type=\"column\">\n\t\t\t<div class=\"elementor-widget-wrap elementor-element-populated\">\n\t\t\t\t\t\t<div class=\"elementor-element elementor-element-fe3e9a1 elementor-widget elementor-widget-text-editor\" data-id=\"fe3e9a1\" data-element_type=\"widget\" data-widget_type=\"text-editor.default\">\n\t\t\t\t<div class=\"elementor-widget-container\">\n\t\t\t\t\t\t\t\t\t<p>Das Unternehmen SilentSoft hat, um die Rechte des Einzelnen zu sch\u00fctzen, insbesondere im Hinblick auf die automatisierte Verarbeitung und in dem Wunsch nach Transparenz gegen\u00fcber seinen Kunden, eine Richtlinie eingef\u00fchrt, die alle diese Verarbeitungen, die damit verfolgten Zwecke und die dem Einzelnen zur Verf\u00fcgung stehenden Handlungsm\u00f6glichkeiten umfasst, damit er seine Rechte bestm\u00f6glich aus\u00fcben kann.<\/p><p>Weitere Informationen \u00fcber den Schutz personenbezogener Daten finden Sie unter: <a href=\"https:\/\/www.edoeb.admin.ch\/edoeb\/en\/home.html\">https:\/\/www.edoeb.admin.ch\/edoeb\/en\/home.html<\/a><\/p><p>Der weitere Besuch auf dieser Website bedeutet die vorbehaltlose Annahme der folgenden Nutzungsbedingungen.<\/p><p>Die derzeit online verf\u00fcgbare Version dieser Nutzungsbedingungen ist die einzige, die f\u00fcr die gesamte Dauer der Nutzung der Website und bis zum Zeitpunkt ihrer Aktualisierung g\u00fcltig ist.<\/p><p><strong>Artikel 1 \u2013 Rechtlicher Hinweis<\/strong><\/p><p><u>1.1\u00a0<\/u><u>Website (im Folgenden \u201edie Website\u201c):<\/u><\/p><p>SilentSoft.com<\/p><p><u>1.2\u00a0Herausgeber <\/u><u>(im Folgenden \u201eder Herausgeber\u201c)<\/u><u>:<\/u><\/p><p>SilentSoft mit einem Kapital von 6&#8217;008\u2019131\u00a0CHF.<\/p><p>Mit Sitz in: Rue de la gare, 27 \u2013 1110 &#8211; Morges<\/p><p>Vertreten durch Guy Lanrezac, in seiner Eigenschaft als Vorsitzender<\/p><p>Registriert bei der Handelskammer von Gesch\u00e4ftsf\u00fchrer<\/p><p>Rufnummer: CHE-105.688.272<\/p><p>Mail-Adresse: info@silentsoft.com<\/p><p>Direktor der Ver\u00f6ffentlichung: Guy Lanrezac<\/p><p><u>1.3\u00a0Hosting-Provider (nachfolgend \u201eder Hosting-Provider\u201c genannt)<\/u>:<\/p><p>SilentSoft wird von OVH gehostet, deren Hauptsitz sich in der 2 rue Kellermann 59100 Roubaix befindet.<\/p><p><strong>Artikel 2 &#8211; Zugang zur Website<\/strong><\/p><p>Der Zugang zu und die Nutzung der Website ist ausschlie\u00dflich f\u00fcr den pers\u00f6nlichen Gebrauch bestimmt. Sie erkl\u00e4ren sich damit einverstanden, diese Website und die darin enthaltenen Informationen oder Daten nicht f\u00fcr kommerzielle, politische oder gewerbliche Zwecke und f\u00fcr jegliche Form von kommerziellen Anfragen, einschlie\u00dflich des Versands unaufgeforderter E-Mails, zu nutzen.<\/p><p><strong>Artikel 3 &#8211; Inhalt der Website<\/strong><\/p><p>Alle Marken, Fotos, Texte, Kommentare, Illustrationen, animierten oder nicht animierten Bilder, Videosequenzen, T\u00f6ne sowie alle Computeranwendungen, die zum Betrieb dieser Website verwendet werden k\u00f6nnten, und ganz allgemein alle auf der Website reproduzierten oder verwendeten Elemente sind durch die geltenden Gesetze zum Schutz des geistigen Eigentums gesch\u00fctzt.<\/p><p>Sie sind das vollst\u00e4ndige und uneingeschr\u00e4nkte Eigentum des Herausgebers oder seiner Partner. Jegliche Vervielf\u00e4ltigung, Darstellung, Verwendung oder Anpassung, in welcher Form auch immer, des Ganzen oder von Teilen davon, einschlie\u00dflich Computeranwendungen, ist ohne vorherige schriftliche Zustimmung des Herausgebers strengstens untersagt. Die Tatsache, dass der Herausgeber nicht sofort nach Bekanntwerden dieser unerlaubten Nutzungen ein Verfahren einleitet, stellt keine Zustimmung zu diesen Nutzungen und keinen Verzicht auf deren Verfolgung dar.<\/p><p><strong>Artikel 4 \u2013 Websiten-Verwaltung<\/strong><\/p><p>F\u00fcr die korrekte Verwaltung der Website kann der Herausgeber jederzeit:<\/p><p>&#8211; den Zugang zur gesamten Website oder zu Teilen der Website aussetzen, unterbrechen oder beschr\u00e4nken, den Zugang zur Website oder zu bestimmten Teilen der Website einer bestimmten Kategorie von Internetnutzern vorbehalten;<\/p><p>&#8211; alle Informationen l\u00f6schen, die den Betrieb der Website st\u00f6ren oder gegen nationale oder internationale Gesetze versto\u00dfen k\u00f6nnten;<\/p><p>&#8211; die Website aussetzen, um Aktualisierungen vorzunehmen.<\/p><p><strong>Artikel 5 &#8211; Verantwortlichkeiten<\/strong><\/p><p>Im Falle eines Ausfalls, einer St\u00f6rung, einer Schwierigkeit oder einer Unterbrechung des Betriebs, die den Zugang zur Website oder zu einer ihrer Funktionalit\u00e4ten verhindert, kann die Verantwortung nicht vom Herausgeber \u00fcbernommen werden.<\/p><p>Sie tragen die volle Verantwortung f\u00fcr die Ger\u00e4te, die f\u00fcr die Verbindung mit der Website verwendet werden. Sie m\u00fcssen alle geeigneten Ma\u00dfnahmen zum Schutz Ihrer Ger\u00e4te und Ihrer eigenen Daten, insbesondere vor Virenangriffen \u00fcber das Internet, treffen. Sie sind des Weiteren allein verantwortlich f\u00fcr die Seiten und Daten, die Sie konsultieren.<\/p><p>Der Herausgeber kann im Falle eines Gerichtsverfahrens gegen Sie nicht haftbar gemacht werden:<\/p><p>&#8211; aufgrund der Nutzung der Website oder eines \u00fcber das Internet zug\u00e4nglichen Dienstes;<\/p><p>&#8211; wegen der Nichteinhaltung der vorliegenden Allgemeinen Gesch\u00e4ftsbedingungen durch Sie.<\/p><p>Der Herausgeber ist nicht verantwortlich f\u00fcr Sch\u00e4den, die Ihnen, Dritten und\/oder Ihrer Ausr\u00fcstung infolge Ihrer Verbindung mit der Website oder deren Nutzung entstehen, und Sie verzichten auf jegliche daraus resultierende Klage gegen ihn.<\/p><p>Sollte der Herausgeber aufgrund Ihrer Nutzung der Website einem g\u00fctlichen oder gerichtlichen Verfahren ausgesetzt sein, kann er sich gegen Sie wenden, um Ersatz f\u00fcr alle Sch\u00e4den, Betr\u00e4ge, Urteile und Kosten zu erhalten, die sich aus einem solchen Verfahren ergeben k\u00f6nnen.<\/p><p><strong>Artikel 6 &#8211; Hyperlinks<\/strong><\/p><p>Die Einrichtung von Hypertext-Links auf die gesamte oder einen Teil der Website durch die Benutzer wird vom Herausgeber genehmigt. Ein Link muss auf einfache Aufforderung des Herausgebers entfernt werden.<\/p><p>Informationen, die \u00fcber einen Link auf andere Seiten zug\u00e4nglich sind, werden vom Herausgeber nicht ver\u00f6ffentlicht. Der Herausgeber hat keine Rechte an den Inhalten, die in dem genannten Link enthalten sind.<\/p><p><strong>Artikel 7 &#8211; Datenerfassung und -schutz<\/strong><\/p><p>Ihre Daten werden von der Firma SilentSoft erfasst.<\/p><p>Personenbezogene Daten sind alle Informationen \u00fcber eine bestimmte oder bestimmbare nat\u00fcrliche Person (Betroffener); als bestimmbar wird eine Person angesehen, die direkt oder indirekt identifiziert werden kann, insbesondere durch Zuordnung zu einem Namen, zu einer Kennnummer oder zu einem oder mehreren spezifischen Elementen, die Ausdruck ihrer physischen, physiologischen, genetischen, psychischen, wirtschaftlichen, kulturellen oder sozialen Identit\u00e4t sind.<\/p><p><strong>Artikel 8 &#8211; Recht auf Zugang, Berichtigung und L\u00f6schung Ihrer Daten<\/strong><\/p><p>In Anwendung der Regeln, die f\u00fcr personenbezogene Daten gelten, haben die Benutzer die folgenden Rechte:<\/p><ul><li>das Zugangsrecht: Sie k\u00f6nnen ihr Zugangsrecht aus\u00fcben, um die sie betreffenden pers\u00f6nlichen Daten zu erfahren, indem sie an die unten genannte E-Mail-Adresse schreiben. In diesem Fall kann die Plattform vor der Umsetzung dieses Rechts einen Nachweis der Identit\u00e4t des Nutzers verlangen, um dessen Richtigkeit zu \u00fcberpr\u00fcfen;<\/li><li>das Recht auf Berichtigung: Wenn die von der Plattform gespeicherten personenbezogenen Daten fehlerhaft sind, kann die Aktualisierung der Informationen verlangt werden;<\/li><li>das Recht auf L\u00f6schung von Daten: Benutzer k\u00f6nnen die L\u00f6schung ihrer pers\u00f6nlichen Daten in \u00dcbereinstimmung mit den geltenden Datenschutzgesetzen verlangen;<\/li><li>das Recht, die Verarbeitung einzuschr\u00e4nken: Nutzer k\u00f6nnen von der Plattform verlangen, die Verarbeitung personenbezogener Daten gem\u00e4\u00df den in der DSGVO dargelegten Annahmen einzuschr\u00e4nken;<\/li><li>das Recht, der Datenverarbeitung zu widersprechen: Benutzer k\u00f6nnen der Verarbeitung ihrer Daten unter den in der DSGVO vorgesehenen Voraussetzungen widersprechen;<\/li><li>das Recht auf \u00dcbertragbarkeit: Sie k\u00f6nnen verlangen, dass die Plattform die von ihnen bereitgestellten personenbezogenen Daten an eine neue Plattform weitergibt.<\/li><\/ul><p>Sie k\u00f6nnen dieses Recht aus\u00fcben, indem Sie uns unter der folgenden Adresse kontaktieren:\u00a0Place St Louis, 2 \u2013 1110 \u2013 Morges &#8211; Suisse<\/p><p>Oder per E-Mail an\u00a0info@silentsoft.com<\/p><p>Allen Antr\u00e4gen ist die Fotokopie eines g\u00fcltigen, unterschriebenen Ausweises beizuf\u00fcgen und die Adresse anzugeben, unter der der Herausgeber den Antragsteller erreichen kann. Eine Antwort wird innerhalb eines Monats nach Eingang des Antrags versandt. Diese einmonatige Frist kann um zwei Monate verl\u00e4ngert werden, wenn die Komplexit\u00e4t des Antrags und\/oder die Anzahl der Antr\u00e4ge dies erfordert.<\/p><p><strong>Artikel 9 &#8211; Verwendung von Daten<\/strong><\/p><p>Die von den Nutzern gesammelten personenbezogenen Daten werden verwendet, um die Dienste der Plattform bereitzustellen, sie zu verbessern und eine sichere Umgebung zu erhalten. Die Rechtsgrundlage der Verarbeitung ist die Erf\u00fcllung des Vertrages zwischen dem Nutzer und der Plattform. Im Einzelnen sind die Verwendungen wie folgt:<\/p><p>-Zugang und Nutzung der Plattform durch den Nutzer;<\/p><p>-Verwaltung des Betriebs und der Optimierung der Plattform;<\/p><p>-Implementierung der Benutzerunterst\u00fctzung;<\/p><p>-\u00dcberpr\u00fcfung, Identifizierung und Authentifizierung der vom Benutzer \u00fcbertragenen Daten;<\/p><p>-Personalisierung von Diensten durch die Anzeige von Werbung auf der Grundlage des Browserverlaufs des Benutzers, entsprechend seinen Vorlieben;<\/p><p>-Pr\u00e4vention und Erkennung von Betrug, Malware (Schadsoftware oder b\u00f6sartige Software) und Management von Sicherheitsvorf\u00e4llen;<\/p><p>-Verwaltung m\u00f6glicher Streitigkeiten mit Benutzern;<\/p><p>-Senden von kommerziellen und werblichen Informationen, entsprechend den Pr\u00e4ferenzen des Benutzers;<\/p><p>-Organisation der Bedingungen f\u00fcr die Nutzung der Zahlungsdienste.<\/p><p><strong>Artikel 10 &#8211; Richtlinie zur Datenspeicherung<\/strong><\/p><p>Die Plattform speichert Ihre Daten so lange, wie es notwendig ist, um Ihnen ihre Dienste oder Unterst\u00fctzung anzubieten.<\/p><p>Soweit dies erforderlich ist, um gesetzlichen oder beh\u00f6rdlichen Verpflichtungen nachzukommen, Streitigkeiten beizulegen, Betrug und Missbrauch vorzubeugen oder unsere Gesch\u00e4ftsbedingungen durchzusetzen, k\u00f6nnen wir auch einige Ihrer Daten aufbewahren, wenn notwendig, auch nachdem Sie Ihr Konto geschlossen haben oder wir Ihnen unsere Dienste nicht mehr zur Verf\u00fcgung stellen m\u00fcssen.<\/p><p><strong>Artikel 11- Weitergabe von personenbezogenen Daten an Dritte<\/strong><\/p><p>Eine Weitergabe personenbezogener Daten an Drittunternehmen kann ausschlie\u00dflich innerhalb der Europ\u00e4ischen Union in den folgenden F\u00e4llen erfolgen:<\/p><p>-wenn der Nutzer Zahlungsdienste in Anspruch nimmt, steht die Plattform zur Durchf\u00fchrung dieser Dienste in Beziehung zu dritten Bank- und Finanzunternehmen, mit denen sie Vertr\u00e4ge abgeschlossen hat;<\/p><p>-wenn der Nutzer \u00f6ffentlich zug\u00e4ngliche Informationen in den freien Kommentarbereichen der Plattform ver\u00f6ffentlicht;<\/p><p>-wenn der Nutzer der Website eines Dritten den Zugriff auf seine Daten erlaubt;<\/p><p>-wenn die Plattform die Dienste von Dienstleistern in Anspruch nimmt, um Nutzersupport, Werbe- und Zahlungsdienste anzubieten. Diese Dienstleister haben im Rahmen der Erbringung dieser Leistungen begrenzten Zugriff auf die Daten des Nutzers und sind vertraglich verpflichtet, diese in \u00dcbereinstimmung mit den Bestimmungen der geltenden Vorschriften zum Schutz personenbezogener Daten zu verwenden;<\/p><p>-wenn dies gesetzlich vorgeschrieben ist, kann die Plattform die \u00dcbermittlung von Daten zur Verfolgung von Anspr\u00fcchen gegen die Plattform und zur Durchf\u00fchrung von Verwaltungs- und Gerichtsverfahren vornehmen.<\/p><p><strong>Artikel 12 &#8211; Cookies<\/strong><\/p><p>Was ist ein \u201eCookie\u201c?<\/p><p>Ein \u201eCookie\u201c oder Tracer ist eine elektronische Datei, die auf einem Endger\u00e4t (Computer, Tablet, Smartphone usw.) hinterlegt ist und z. B. beim Aufrufen einer Website, beim Lesen einer E-Mail, bei der Installation oder Nutzung einer Software oder mobilen Anwendung gelesen wird, unabh\u00e4ngig von der Art des verwendeten Endger\u00e4ts.<\/p><p>Beim Surfen auf dieser Website k\u00f6nnen \u201eCookies\u201c des f\u00fcr die betreffende Website verantwortlichen Unternehmens und\/oder von Drittunternehmen auf Ihrem Endger\u00e4t hinterlegt werden.<\/p><p>Wenn Sie zum ersten Mal auf dieser Website surfen, wird ein Banner angezeigt, das die Verwendung von Cookies erkl\u00e4rt. Von diesem Zeitpunkt an wird der Kunde und\/oder der Interessent, indem er auf der Website weitersurft, so angesehen, als sei er informiert worden und als habe er die Verwendung dieser Cookies akzeptiert. Die erteilte Zustimmung ist f\u00fcr einen Zeitraum von dreizehn (13) Monaten g\u00fcltig. Der Benutzer hat die M\u00f6glichkeit, die Cookies in den Parametern seines Browsers zu deaktivieren.<\/p><p>Alle gesammelten Informationen werden nur verwendet, um das Volumen, die Art und die Konfiguration des Datenverkehrs zu verfolgen, der diese Website nutzt, um ihr Design und Layout zu entwickeln und f\u00fcr andere administrative und planerische Zwecke und ganz allgemein, um den Service, den wir Ihnen anbieten, zu verbessern.<\/p><p>Die folgenden Cookies sind auf dieser Website vorhanden:<\/p><p>Google-Cookies:<\/p><p>-Google analytics : erm\u00f6glicht die Messung des Publikums der Website;<\/p><p>-Google Tag Manager: erleichtert die Implementierung von Tags auf Seiten und erm\u00f6glicht die Verwaltung von Google Tags;<\/p><p>-Google Adsense: Googles Werbeagentur, die Websites oder YouTube-Videos als Tr\u00e4ger f\u00fcr ihre Anzeigen nutzt;<\/p><p>-Google Dynamic Remarketing: erm\u00f6glicht es Ihnen, dynamische Werbung auf der Grundlage fr\u00fcherer Suchen anzubieten;<\/p><p>-Google Adwords Conversion: ein Tool zum Verfolgen von Adwords-Werbekampagnen;<\/p><p>-DoubleClick: Werbe-Cookies von Google zur Auslieferung von Bannern.<\/p><p>Die Lebensdauer dieser Cookies betr\u00e4gt dreizehn Monate.<\/p><p><strong>Artikel 13 &#8211; Fotografien und Darstellung von Produkten<\/strong><\/p><p>Die Fotos der Produkte und deren Beschreibung sind nicht vertraglich und verpflichten den Herausgeber nicht.<\/p><p><strong>Artikel 14 &#8211; Anwendbares Recht<\/strong><\/p><p>Die vorliegenden Nutzungsbedingungen der Website unterliegen schweizerisches Recht und der Zust\u00e4ndigkeit der Gerichte am Sitz des Herausgebers, vorbehaltlich einer besonderen Zust\u00e4ndigkeitszuweisung, die sich aus einem bestimmten Gesetz oder einer Verordnung ergibt.<\/p><p><strong>Artikel 15 &#8211; Kontakt<\/strong><\/p><p>F\u00fcr alle Fragen, Informationen \u00fcber die auf der Seite pr\u00e4sentierten Produkte oder \u00fcber die Seite selbst, k\u00f6nnen Sie eine Nachricht an folgende Adresse hinterlassen: info@silentsoft.com.<\/p>\t\t\t\t\t\t\t\t<\/div>\n\t\t\t\t<\/div>\n\t\t\t\t\t<\/div>\n\t\t<\/div>\n\t\t\t\t\t<\/div>\n\t\t<\/section>\n\t\t\t\t<section class=\"elementor-section elementor-top-section elementor-element elementor-element-d2653a8 elementor-section-boxed elementor-section-height-default elementor-section-height-default\" data-id=\"d2653a8\" data-element_type=\"section\" id=\"about\">\n\t\t\t\t\t\t<div class=\"elementor-container elementor-column-gap-no\">\n\t\t\t\t\t<div class=\"elementor-column elementor-col-100 elementor-top-column elementor-element elementor-element-814e623\" data-id=\"814e623\" data-element_type=\"column\">\n\t\t\t<div class=\"elementor-widget-wrap\">\n\t\t\t\t\t\t\t<\/div>\n\t\t<\/div>\n\t\t\t\t\t<\/div>\n\t\t<\/section>\n\t\t\t\t<\/div>\n\t\t","protected":false},"excerpt":{"rendered":"<p>Rechtlicher Hinweis und Datenschutzbestimmungen Das Unternehmen SilentSoft hat, um die Rechte des Einzelnen zu sch\u00fctzen, insbesondere im Hinblick auf die automatisierte Verarbeitung und in dem Wunsch nach Transparenz gegen\u00fcber seinen Kunden, eine Richtlinie eingef\u00fchrt, die alle diese Verarbeitungen, die damit verfolgten Zwecke und die dem Einzelnen zur Verf\u00fcgung stehenden Handlungsm\u00f6glichkeiten umfasst, damit er seine Rechte&hellip;<\/p>\n","protected":false},"author":4,"featured_media":0,"parent":0,"menu_order":0,"comment_status":"closed","ping_status":"closed","template":"elementor_header_footer","meta":{"footnotes":""},"class_list":["post-40575","page","type-page","status-publish","hentry"],"jetpack_sharing_enabled":true,"_links":{"self":[{"href":"https:\/\/silentsoft.com\/de\/wp-json\/wp\/v2\/pages\/40575","targetHints":{"allow":["GET"]}}],"collection":[{"href":"https:\/\/silentsoft.com\/de\/wp-json\/wp\/v2\/pages"}],"about":[{"href":"https:\/\/silentsoft.com\/de\/wp-json\/wp\/v2\/types\/page"}],"author":[{"embeddable":true,"href":"https:\/\/silentsoft.com\/de\/wp-json\/wp\/v2\/users\/4"}],"replies":[{"embeddable":true,"href":"https:\/\/silentsoft.com\/de\/wp-json\/wp\/v2\/comments?post=40575"}],"version-history":[{"count":0,"href":"https:\/\/silentsoft.com\/de\/wp-json\/wp\/v2\/pages\/40575\/revisions"}],"wp:attachment":[{"href":"https:\/\/silentsoft.com\/de\/wp-json\/wp\/v2\/media?parent=40575"}],"curies":[{"name":"wp","href":"https:\/\/api.w.org\/{rel}","templated":true}]}}