{"id":40595,"date":"2021-11-16T11:32:25","date_gmt":"2021-11-16T10:32:25","guid":{"rendered":"https:\/\/dev.silentsoft.com\/blog\/"},"modified":"2026-01-24T17:39:23","modified_gmt":"2026-01-24T16:39:23","slug":"blog","status":"publish","type":"page","link":"https:\/\/silentsoft.com\/de\/blog\/","title":{"rendered":"Blog"},"content":{"rendered":"\t\t<div data-elementor-type=\"wp-page\" data-elementor-id=\"40595\" class=\"elementor elementor-40595 elementor-5858\" data-elementor-post-type=\"page\">\n\t\t\t\t\t\t<section class=\"elementor-section elementor-top-section elementor-element elementor-element-594446c elementor-section-boxed elementor-section-height-default elementor-section-height-default\" data-id=\"594446c\" data-element_type=\"section\">\n\t\t\t\t\t\t<div class=\"elementor-container elementor-column-gap-wider\">\n\t\t\t\t\t<div class=\"elementor-column elementor-col-100 elementor-top-column elementor-element elementor-element-705c95c\" data-id=\"705c95c\" data-element_type=\"column\">\n\t\t\t<div class=\"elementor-widget-wrap elementor-element-populated\">\n\t\t\t\t\t\t<div class=\"elementor-element elementor-element-f370006 elementor-widget elementor-widget-heading\" data-id=\"f370006\" data-element_type=\"widget\" data-widget_type=\"heading.default\">\n\t\t\t\t<div class=\"elementor-widget-container\">\n\t\t\t\t\t<h3 class=\"elementor-heading-title elementor-size-default\">UNSERE ARTIKEL<\/h3>\t\t\t\t<\/div>\n\t\t\t\t<\/div>\n\t\t\t\t<div class=\"elementor-element elementor-element-3fa9e0c elementor-widget-divider--view-line elementor-widget elementor-widget-divider\" data-id=\"3fa9e0c\" data-element_type=\"widget\" data-widget_type=\"divider.default\">\n\t\t\t\t<div class=\"elementor-widget-container\">\n\t\t\t\t\t\t\t<div class=\"elementor-divider\">\n\t\t\t<span class=\"elementor-divider-separator\">\n\t\t\t\t\t\t<\/span>\n\t\t<\/div>\n\t\t\t\t\t\t<\/div>\n\t\t\t\t<\/div>\n\t\t\t\t<div class=\"elementor-element elementor-element-a863670 preserve-img-ratio-cover elementor-widget elementor-widget-the7_elements\" data-id=\"a863670\" data-element_type=\"widget\" data-widget_type=\"the7_elements.default\">\n\t\t\t\t<div class=\"elementor-widget-container\">\n\t\t\t\t\t<div class=\"portfolio-shortcode the7-elementor-widget the7_elements-a863670 mode-grid dt-css-grid-wrap classic-layout-list description-under-image scale-img content-bg-on resize-by-browser-width widget-with-filter loading-effect-none enable-pagination-scroll jquery-filter\" data-padding=\"60px\" data-mobile-columns-num=\"1\" data-tablet-columns-num=\"1\" data-desktop-columns-num=\"2\" data-wide-desktop-columns-num=\"2\" data-post-limit=\"8\" data-pagination-mode=\"pages\" data-scroll-offset=\"0\" aria-live=\"assertive\"><div class=\"iso-filter filter-decorations css-grid-filter extras-off filter filter-pointer-underline filter-animation-drop-in show-filter-categories  \"><div class=\"filter-categories\" data-default-order=\"\" data-default-orderby=\"\"><a href=\"https:\/\/silentsoft.com\/de\/blog\/\" class=\"show-all filter-item act\" data-filter=\"*\" aria-label=\"Apply filter: All\">All<\/a><a href=\"https:\/\/silentsoft.com\/de\/blog\/?term=technologie-de\" class=\"filter-item technologie-de\" data-filter=\".category-272\" aria-label=\"Apply filter: Technologie\">Technologie<\/a><a href=\"https:\/\/silentsoft.com\/de\/blog\/?term=unternehmen\" class=\"filter-item unternehmen\" data-filter=\".category-279\" aria-label=\"Apply filter: Unternehmen\">Unternehmen<\/a><\/div><\/div><div class=\"dt-css-grid custom-pagination-handler\"><div class=\"visible wf-cell category-279\" data-post-id=\"42108\" data-date=\"2024-02-15T14:54:56+01:00\" data-name=\"Ein neuer Anfang\"><article class=\"post visible post-42108 type-post status-publish format-standard has-post-thumbnail hentry category-unternehmen\" data-name=\"Ein neuer Anfang\" data-date=\"2024-02-15T14:54:56+01:00\">\n\n\t<div class=\"post-thumbnail-wrap\">\n\t\t<div class=\"post-thumbnail\">\n\n\t\t\t<a class=\"post-thumbnail-rollover layzr-bg img-css-resize-wrapper\" aria-label=\"Post image\" href=\"https:\/\/silentsoft.com\/de\/blog\/ein-neuer-anfang\/\"><img fetchpriority=\"high\" decoding=\"async\" width=\"1600\" height=\"500\" src=\"data:image\/svg+xml,%3Csvg%20xmlns%3D&#039;http%3A%2F%2Fwww.w3.org%2F2000%2Fsvg&#039;%20viewBox%3D&#039;0%200%201600%20500&#039;%2F%3E\" class=\"attachment-full size-full preload-me aspect lazy lazy-load\" alt=\"Team SilentSoft 2024\" sizes=\"(max-width: 1600px) 100vw, 1600px\" style=\"--ratio: 1600 \/ 500;\" data-src=\"https:\/\/silentsoft.com\/wp-content\/uploads\/2024\/02\/team-SilentSoft-2024.jpg\" loading=\"eager\" data-srcset=\"https:\/\/silentsoft.com\/wp-content\/uploads\/2024\/02\/team-SilentSoft-2024.jpg 1600w, https:\/\/silentsoft.com\/wp-content\/uploads\/2024\/02\/team-SilentSoft-2024-300x94.jpg 300w, https:\/\/silentsoft.com\/wp-content\/uploads\/2024\/02\/team-SilentSoft-2024-1024x320.jpg 1024w, https:\/\/silentsoft.com\/wp-content\/uploads\/2024\/02\/team-SilentSoft-2024-768x240.jpg 768w, https:\/\/silentsoft.com\/wp-content\/uploads\/2024\/02\/team-SilentSoft-2024-1536x480.jpg 1536w\" \/><\/a>\n\t\t<\/div>\n\t<\/div>\n\n\n<div class=\"post-entry-content\">\n\n\t<h3 class=\"ele-entry-title\"><a href=\"https:\/\/silentsoft.com\/de\/blog\/ein-neuer-anfang\/\" rel=\"bookmark\" title=\"Ein neuer Anfang\">Ein neuer Anfang<\/a><\/h3><div class=\"entry-meta\"><span class=\"meta-item category-link\"><span>Unternehmen<\/span><\/span><span class=\"meta-item data-link\"><time class=\"entry-date updated\" datetime=\"2024-02-15T14:54:56+01:00\">15 Februar 2024<\/time><\/span><\/div><div class=\"entry-excerpt\"><p>Seit dem Beginn der Tanktelemetrie im Jahr 2000 gibt es zwei Hauptsensortechnologien zur \u00dcberwachung von Fl\u00fcssigkeiten in Tanks: Ultraschall- und Drucksensoren. Mit 20 Jahren Erfahrung in Telemetrie-Installationen teilt SilentSoft praktische Anwendungsf\u00e4lle, bei denen der Installateur die beste Implementierung ausw\u00e4hlen kann.<\/p>\n<\/div><a href=\"https:\/\/silentsoft.com\/de\/blog\/ein-neuer-anfang\/\" target=\"\" aria-label=\"Read more about Ein neuer Anfang\" class=\"box-button elementor-button elementor-size-xs\">Read article<\/a>\n<\/div><\/article><\/div><div class=\"visible wf-cell category-272\" data-post-id=\"40507\" data-date=\"2020-01-30T16:05:52+01:00\" data-name=\"Ultraschall- und Drucksensor-Telemetrie-L\u00f6sungen f\u00fcr Tanks\"><article class=\"post visible post-40507 type-post status-publish format-standard has-post-thumbnail hentry category-technologie-de\" data-name=\"Ultraschall- und Drucksensor-Telemetrie-L\u00f6sungen f\u00fcr Tanks\" data-date=\"2020-01-30T16:05:52+01:00\">\n\n\t<div class=\"post-thumbnail-wrap\">\n\t\t<div class=\"post-thumbnail\">\n\n\t\t\t<a class=\"post-thumbnail-rollover layzr-bg img-css-resize-wrapper\" aria-label=\"Post image\" href=\"https:\/\/silentsoft.com\/de\/blog\/ultraschall-und-drucksensor-telemetrie-loesungen-fuer-tanks\/\"><img decoding=\"async\" width=\"1600\" height=\"500\" src=\"data:image\/svg+xml,%3Csvg%20xmlns%3D&#039;http%3A%2F%2Fwww.w3.org%2F2000%2Fsvg&#039;%20viewBox%3D&#039;0%200%201600%20500&#039;%2F%3E\" class=\"attachment-full size-full preload-me aspect lazy lazy-load\" alt=\"\" sizes=\"(max-width: 1600px) 100vw, 1600px\" style=\"--ratio: 1600 \/ 500;\" data-src=\"https:\/\/silentsoft.com\/wp-content\/uploads\/2021\/07\/connected-tank-stockview.jpg\" loading=\"eager\" data-srcset=\"https:\/\/silentsoft.com\/wp-content\/uploads\/2021\/07\/connected-tank-stockview.jpg 1600w, https:\/\/silentsoft.com\/wp-content\/uploads\/2021\/07\/connected-tank-stockview-300x94.jpg 300w, https:\/\/silentsoft.com\/wp-content\/uploads\/2021\/07\/connected-tank-stockview-1024x320.jpg 1024w, https:\/\/silentsoft.com\/wp-content\/uploads\/2021\/07\/connected-tank-stockview-768x240.jpg 768w, https:\/\/silentsoft.com\/wp-content\/uploads\/2021\/07\/connected-tank-stockview-1536x480.jpg 1536w, https:\/\/silentsoft.com\/wp-content\/uploads\/2021\/07\/connected-tank-stockview-1200x375.jpg 1200w\" \/><\/a>\n\t\t<\/div>\n\t<\/div>\n\n\n<div class=\"post-entry-content\">\n\n\t<h3 class=\"ele-entry-title\"><a href=\"https:\/\/silentsoft.com\/de\/blog\/ultraschall-und-drucksensor-telemetrie-loesungen-fuer-tanks\/\" rel=\"bookmark\" title=\"Ultraschall- und Drucksensor-Telemetrie-L\u00f6sungen f\u00fcr Tanks\">Ultraschall- und Drucksensor-Telemetrie-L\u00f6sungen f\u00fcr Tanks<\/a><\/h3><div class=\"entry-meta\"><span class=\"meta-item category-link\"><span>Technologie<\/span><\/span><span class=\"meta-item data-link\"><time class=\"entry-date updated\" datetime=\"2020-01-30T16:05:52+01:00\">30 Januar 2020<\/time><\/span><\/div><div class=\"entry-excerpt\"><p>Seit dem Beginn der Tanktelemetrie im Jahr 2000 gibt es zwei Hauptsensortechnologien zur \u00dcberwachung von Fl\u00fcssigkeiten in Tanks: Ultraschall- und Drucksensoren. Mit 20 Jahren Erfahrung in Telemetrie-Installationen teilt SilentSoft praktische Anwendungsf\u00e4lle, bei denen der Installateur die beste Implementierung ausw\u00e4hlen kann.<\/p>\n<\/div><a href=\"https:\/\/silentsoft.com\/de\/blog\/ultraschall-und-drucksensor-telemetrie-loesungen-fuer-tanks\/\" target=\"\" aria-label=\"Read more about Ultraschall- und Drucksensor-Telemetrie-L\u00f6sungen f\u00fcr Tanks\" class=\"box-button elementor-button elementor-size-xs\">Read article<\/a>\n<\/div><\/article><\/div><div class=\"visible wf-cell category-272\" data-post-id=\"40510\" data-date=\"2019-11-26T16:23:06+01:00\" data-name=\"2G \/ 3G-Sunset : Management eines konkreten Praxisfalls\"><article class=\"post visible post-40510 type-post status-publish format-standard has-post-thumbnail hentry category-technologie-de\" data-name=\"2G \/ 3G-Sunset : Management eines konkreten Praxisfalls\" data-date=\"2019-11-26T16:23:06+01:00\">\n\n\t<div class=\"post-thumbnail-wrap\">\n\t\t<div class=\"post-thumbnail\">\n\n\t\t\t<a class=\"post-thumbnail-rollover layzr-bg img-css-resize-wrapper\" aria-label=\"Post image\" href=\"https:\/\/silentsoft.com\/de\/blog\/2g-3g-sunset-management-eines-konkreten-praxisfalls\/\"><img decoding=\"async\" width=\"1600\" height=\"500\" src=\"data:image\/svg+xml,%3Csvg%20xmlns%3D&#039;http%3A%2F%2Fwww.w3.org%2F2000%2Fsvg&#039;%20viewBox%3D&#039;0%200%201600%20500&#039;%2F%3E\" class=\"attachment-full size-full preload-me aspect lazy lazy-load\" alt=\"\" sizes=\"(max-width: 1600px) 100vw, 1600px\" style=\"--ratio: 1600 \/ 500;\" data-src=\"https:\/\/silentsoft.com\/wp-content\/uploads\/2021\/07\/2g-3g-sunset-shutdown.jpg\" loading=\"eager\" data-srcset=\"https:\/\/silentsoft.com\/wp-content\/uploads\/2021\/07\/2g-3g-sunset-shutdown.jpg 1600w, https:\/\/silentsoft.com\/wp-content\/uploads\/2021\/07\/2g-3g-sunset-shutdown-300x94.jpg 300w, https:\/\/silentsoft.com\/wp-content\/uploads\/2021\/07\/2g-3g-sunset-shutdown-1024x320.jpg 1024w, https:\/\/silentsoft.com\/wp-content\/uploads\/2021\/07\/2g-3g-sunset-shutdown-768x240.jpg 768w, https:\/\/silentsoft.com\/wp-content\/uploads\/2021\/07\/2g-3g-sunset-shutdown-1536x480.jpg 1536w, https:\/\/silentsoft.com\/wp-content\/uploads\/2021\/07\/2g-3g-sunset-shutdown-1200x375.jpg 1200w\" \/><\/a>\n\t\t<\/div>\n\t<\/div>\n\n\n<div class=\"post-entry-content\">\n\n\t<h3 class=\"ele-entry-title\"><a href=\"https:\/\/silentsoft.com\/de\/blog\/2g-3g-sunset-management-eines-konkreten-praxisfalls\/\" rel=\"bookmark\" title=\"2G \/ 3G-Sunset : Management eines konkreten Praxisfalls\">2G \/ 3G-Sunset : Management eines konkreten Praxisfalls<\/a><\/h3><div class=\"entry-meta\"><span class=\"meta-item category-link\"><span>Technologie<\/span><\/span><span class=\"meta-item data-link\"><time class=\"entry-date updated\" datetime=\"2019-11-26T16:23:06+01:00\">26 November 2019<\/time><\/span><\/div><div class=\"entry-excerpt\"><p>Einige Kommunikationsanbieter planen die Abschaltung der 2G- oder 3G-Netze, um damit Netzwerkressourcen f\u00fcr die Einf\u00fchrung von 5G freizusetzen. Kunden, die weiterhin von M2M- Dienstleistungen (Machine To Machine), die auf den oben genannten Netzen basieren, profitieren wollen, sind stark betroffen. Dieser Artikel teilt einige Ideen, die Dienstanbieter in Bezug auf die 2G\/3G-Netz-Abschaltung (Sunset) und auf den Serviceausbau im Zusammenhang mit dem Internet der Dinge (IoT) in Betracht ziehen k\u00f6nnen.<\/p>\n<\/div><a href=\"https:\/\/silentsoft.com\/de\/blog\/2g-3g-sunset-management-eines-konkreten-praxisfalls\/\" target=\"\" aria-label=\"Read more about 2G \/ 3G-Sunset : Management eines konkreten Praxisfalls\" class=\"box-button elementor-button elementor-size-xs\">Read article<\/a>\n<\/div><\/article><\/div><div class=\"visible wf-cell category-272\" data-post-id=\"40520\" data-date=\"2019-10-10T16:35:33+02:00\" data-name=\"Von M2M zum Zisternen-Internet\"><article class=\"post visible post-40520 type-post status-publish format-standard has-post-thumbnail hentry category-technologie-de\" data-name=\"Von M2M zum Zisternen-Internet\" data-date=\"2019-10-10T16:35:33+02:00\">\n\n\t<div class=\"post-thumbnail-wrap\">\n\t\t<div class=\"post-thumbnail\">\n\n\t\t\t<a class=\"post-thumbnail-rollover layzr-bg img-css-resize-wrapper\" aria-label=\"Post image\" href=\"https:\/\/silentsoft.com\/de\/blog\/von-m2m-zum-zisternen-internet\/\"><img decoding=\"async\" width=\"1600\" height=\"500\" src=\"data:image\/svg+xml,%3Csvg%20xmlns%3D&#039;http%3A%2F%2Fwww.w3.org%2F2000%2Fsvg&#039;%20viewBox%3D&#039;0%200%201600%20500&#039;%2F%3E\" class=\"attachment-full size-full preload-me aspect lazy lazy-load\" alt=\"\" sizes=\"(max-width: 1600px) 100vw, 1600px\" style=\"--ratio: 1600 \/ 500;\" data-src=\"https:\/\/silentsoft.com\/wp-content\/uploads\/2019\/10\/connected-tank-featured.jpg\" loading=\"eager\" data-srcset=\"https:\/\/silentsoft.com\/wp-content\/uploads\/2019\/10\/connected-tank-featured.jpg 1600w, https:\/\/silentsoft.com\/wp-content\/uploads\/2019\/10\/connected-tank-featured-300x94.jpg 300w, https:\/\/silentsoft.com\/wp-content\/uploads\/2019\/10\/connected-tank-featured-1024x320.jpg 1024w, https:\/\/silentsoft.com\/wp-content\/uploads\/2019\/10\/connected-tank-featured-768x240.jpg 768w, https:\/\/silentsoft.com\/wp-content\/uploads\/2019\/10\/connected-tank-featured-1536x480.jpg 1536w, https:\/\/silentsoft.com\/wp-content\/uploads\/2019\/10\/connected-tank-featured-1200x375.jpg 1200w\" \/><\/a>\n\t\t<\/div>\n\t<\/div>\n\n\n<div class=\"post-entry-content\">\n\n\t<h3 class=\"ele-entry-title\"><a href=\"https:\/\/silentsoft.com\/de\/blog\/von-m2m-zum-zisternen-internet\/\" rel=\"bookmark\" title=\"Von M2M zum Zisternen-Internet\">Von M2M zum Zisternen-Internet<\/a><\/h3><div class=\"entry-meta\"><span class=\"meta-item category-link\"><span>Technologie<\/span><\/span><span class=\"meta-item data-link\"><time class=\"entry-date updated\" datetime=\"2019-10-10T16:35:33+02:00\">10 Oktober 2019<\/time><\/span><\/div><div class=\"entry-excerpt\"><p>Die Tanktelemetrie oder Zisternenfernmessung ist ein Leistungsversprechen, das seit dem Jahr 2000 existiert. Hausverwalter und Lieferanten nutzen die M2M-Kommunikation (Machine-To-Machine), um Vorratsausf\u00e4lle zu vermeiden. Die neuesten Technologien des Internets der Dinge (\u201eAllesnetz\u201c, englisch: Internet of things), die auf die Tank-Telemetrie angewendet werden, erm\u00f6glichen es, neue Gesch\u00e4ftsmodelle vorzubereiten, Betriebskosten zu senken, neue Vertriebs- und Marketingangebote zu entwickeln sowie Gesch\u00e4ftsprozesse mit erh\u00f6hter Effizienz zu digitalisieren und zu optimieren.<\/p>\n<\/div><a href=\"https:\/\/silentsoft.com\/de\/blog\/von-m2m-zum-zisternen-internet\/\" target=\"\" aria-label=\"Read more about Von M2M zum Zisternen-Internet\" class=\"box-button elementor-button elementor-size-xs\">Read article<\/a>\n<\/div><\/article><\/div><\/div><!-- iso-container|iso-grid --><div class=\"paginator filter-decorations filter-pointer-underline filter-animation-drop-in\" role=\"navigation\"><\/div><\/div>\t\t\t\t<\/div>\n\t\t\t\t<\/div>\n\t\t\t\t\t<\/div>\n\t\t<\/div>\n\t\t\t\t\t<\/div>\n\t\t<\/section>\n\t\t\t\t<\/div>\n\t\t","protected":false},"excerpt":{"rendered":"<p>UNSERE ARTIKEL AllCompanyTechnology A new start Company15 February 2024 In early 2024, we have decided to share with you our vision for the future and to understand our strategy, it is important to look back at our history. Read article Ultrasonic and Pressure sensor telemetry solutions for tanks Technology30 January 2020 From the very start&hellip;<\/p>\n","protected":false},"author":1,"featured_media":0,"parent":0,"menu_order":10,"comment_status":"closed","ping_status":"closed","template":"elementor_header_footer","meta":{"footnotes":""},"class_list":["post-40595","page","type-page","status-publish","hentry"],"jetpack_sharing_enabled":true,"_links":{"self":[{"href":"https:\/\/silentsoft.com\/de\/wp-json\/wp\/v2\/pages\/40595","targetHints":{"allow":["GET"]}}],"collection":[{"href":"https:\/\/silentsoft.com\/de\/wp-json\/wp\/v2\/pages"}],"about":[{"href":"https:\/\/silentsoft.com\/de\/wp-json\/wp\/v2\/types\/page"}],"author":[{"embeddable":true,"href":"https:\/\/silentsoft.com\/de\/wp-json\/wp\/v2\/users\/1"}],"replies":[{"embeddable":true,"href":"https:\/\/silentsoft.com\/de\/wp-json\/wp\/v2\/comments?post=40595"}],"version-history":[{"count":3,"href":"https:\/\/silentsoft.com\/de\/wp-json\/wp\/v2\/pages\/40595\/revisions"}],"predecessor-version":[{"id":42625,"href":"https:\/\/silentsoft.com\/de\/wp-json\/wp\/v2\/pages\/40595\/revisions\/42625"}],"wp:attachment":[{"href":"https:\/\/silentsoft.com\/de\/wp-json\/wp\/v2\/media?parent=40595"}],"curies":[{"name":"wp","href":"https:\/\/api.w.org\/{rel}","templated":true}]}}