{"id":42023,"date":"2022-10-17T14:03:12","date_gmt":"2022-10-17T12:03:12","guid":{"rendered":"https:\/\/silentsoft.com\/fragebogen-ladeloesungen-fuer-elektrofahrzeuge-in-wohnungseigentuemer-gemeinschaften\/"},"modified":"2022-10-17T14:05:11","modified_gmt":"2022-10-17T12:05:11","slug":"fragebogen-ladeloesungen-fuer-elektrofahrzeuge-in-wohnungseigentuemer-gemeinschaften","status":"publish","type":"page","link":"https:\/\/silentsoft.com\/de\/fragebogen-ladeloesungen-fuer-elektrofahrzeuge-in-wohnungseigentuemer-gemeinschaften\/","title":{"rendered":"Fragebogen &#8211; Ladel\u00f6sungen f\u00fcr Elektrofahrzeuge in Wohnungseigent\u00fcmer-Gemeinschaften"},"content":{"rendered":"\t\t<div data-elementor-type=\"wp-page\" data-elementor-id=\"42023\" class=\"elementor elementor-42023 elementor-41986\" data-elementor-post-type=\"page\">\n\t\t\t\t\t\t<section class=\"elementor-section elementor-top-section elementor-element elementor-element-c338be0 elementor-section-boxed elementor-section-height-default elementor-section-height-default\" data-id=\"c338be0\" data-element_type=\"section\">\n\t\t\t\t\t\t<div class=\"elementor-container elementor-column-gap-default\">\n\t\t\t\t\t<div class=\"elementor-column elementor-col-33 elementor-top-column elementor-element elementor-element-bf7d69f\" data-id=\"bf7d69f\" data-element_type=\"column\">\n\t\t\t<div class=\"elementor-widget-wrap elementor-element-populated\">\n\t\t\t\t\t\t<div class=\"elementor-element elementor-element-435789c elementor-widget elementor-widget-image\" data-id=\"435789c\" data-element_type=\"widget\" data-widget_type=\"image.default\">\n\t\t\t\t<div class=\"elementor-widget-container\">\n\t\t\t\t\t\t\t\t\t\t\t\t\t\t\t<img fetchpriority=\"high\" decoding=\"async\" width=\"300\" height=\"284\" src=\"https:\/\/silentsoft.com\/wp-content\/uploads\/2022\/09\/Prise-recharge-voiture-electrique-1-300x284.png\" class=\"attachment-medium size-medium wp-image-41999\" alt=\"\" srcset=\"https:\/\/silentsoft.com\/wp-content\/uploads\/2022\/09\/Prise-recharge-voiture-electrique-1-300x284.png 300w, https:\/\/silentsoft.com\/wp-content\/uploads\/2022\/09\/Prise-recharge-voiture-electrique-1.png 400w\" sizes=\"(max-width: 300px) 100vw, 300px\" \/>\t\t\t\t\t\t\t\t\t\t\t\t\t\t\t<\/div>\n\t\t\t\t<\/div>\n\t\t\t\t\t<\/div>\n\t\t<\/div>\n\t\t\t\t<div class=\"elementor-column elementor-col-66 elementor-top-column elementor-element elementor-element-f1bd9bb\" data-id=\"f1bd9bb\" data-element_type=\"column\">\n\t\t\t<div class=\"elementor-widget-wrap elementor-element-populated\">\n\t\t\t\t\t\t<div class=\"elementor-element elementor-element-80750f6 elementor-widget elementor-widget-text-editor\" data-id=\"80750f6\" data-element_type=\"widget\" data-widget_type=\"text-editor.default\">\n\t\t\t\t<div class=\"elementor-widget-container\">\n\t\t\t\t\t\t\t\t\t<div style=\"width: 100%; height: 1000px; background-color: #0445af; color: #ffffff; font-size: 20; border-radius: 100; popup-type: button;\" data-tf-widget=\"dsX5waIy\" data-tf-opacity=\"100\" data-tf-button-color=\"#0445AF\" data-tf-button-text=\"Launch me\" data-tf-medium=\"embed-wordpress\"><\/div>\n<script src=\"\/\/embed.typeform.com\/next\/embed.js\"><\/script>\t\t\t\t\t\t\t\t<\/div>\n\t\t\t\t<\/div>\n\t\t\t\t\t<\/div>\n\t\t<\/div>\n\t\t\t\t\t<\/div>\n\t\t<\/section>\n\t\t\t\t<\/div>\n\t\t","protected":false},"excerpt":{"rendered":"","protected":false},"author":4,"featured_media":0,"parent":0,"menu_order":0,"comment_status":"closed","ping_status":"closed","template":"","meta":{"footnotes":""},"class_list":["post-42023","page","type-page","status-publish","hentry"],"jetpack_sharing_enabled":true,"_links":{"self":[{"href":"https:\/\/silentsoft.com\/de\/wp-json\/wp\/v2\/pages\/42023","targetHints":{"allow":["GET"]}}],"collection":[{"href":"https:\/\/silentsoft.com\/de\/wp-json\/wp\/v2\/pages"}],"about":[{"href":"https:\/\/silentsoft.com\/de\/wp-json\/wp\/v2\/types\/page"}],"author":[{"embeddable":true,"href":"https:\/\/silentsoft.com\/de\/wp-json\/wp\/v2\/users\/4"}],"replies":[{"embeddable":true,"href":"https:\/\/silentsoft.com\/de\/wp-json\/wp\/v2\/comments?post=42023"}],"version-history":[{"count":0,"href":"https:\/\/silentsoft.com\/de\/wp-json\/wp\/v2\/pages\/42023\/revisions"}],"wp:attachment":[{"href":"https:\/\/silentsoft.com\/de\/wp-json\/wp\/v2\/media?parent=42023"}],"curies":[{"name":"wp","href":"https:\/\/api.w.org\/{rel}","templated":true}]}}