{"id":40545,"date":"2021-11-11T18:43:41","date_gmt":"2021-11-11T17:43:41","guid":{"rendered":"https:\/\/dev.silentsoft.com\/blog\/"},"modified":"2026-01-24T17:42:34","modified_gmt":"2026-01-24T16:42:34","slug":"blog","status":"publish","type":"page","link":"https:\/\/silentsoft.com\/fr\/blog\/","title":{"rendered":"Blog"},"content":{"rendered":"\t\t<div data-elementor-type=\"wp-page\" data-elementor-id=\"40545\" class=\"elementor elementor-40545 elementor-5858\" data-elementor-post-type=\"page\">\n\t\t\t\t\t\t<section class=\"elementor-section elementor-top-section elementor-element elementor-element-594446c elementor-section-boxed elementor-section-height-default elementor-section-height-default\" data-id=\"594446c\" data-element_type=\"section\">\n\t\t\t\t\t\t<div class=\"elementor-container elementor-column-gap-wider\">\n\t\t\t\t\t<div class=\"elementor-column elementor-col-100 elementor-top-column elementor-element elementor-element-705c95c\" data-id=\"705c95c\" data-element_type=\"column\">\n\t\t\t<div class=\"elementor-widget-wrap elementor-element-populated\">\n\t\t\t\t\t\t<div class=\"elementor-element elementor-element-f370006 elementor-widget elementor-widget-heading\" data-id=\"f370006\" data-element_type=\"widget\" data-widget_type=\"heading.default\">\n\t\t\t\t<div class=\"elementor-widget-container\">\n\t\t\t\t\t<h3 class=\"elementor-heading-title elementor-size-default\">NOS ARTICLES<\/h3>\t\t\t\t<\/div>\n\t\t\t\t<\/div>\n\t\t\t\t<div class=\"elementor-element elementor-element-3fa9e0c elementor-widget-divider--view-line elementor-widget elementor-widget-divider\" data-id=\"3fa9e0c\" data-element_type=\"widget\" data-widget_type=\"divider.default\">\n\t\t\t\t<div class=\"elementor-widget-container\">\n\t\t\t\t\t\t\t<div class=\"elementor-divider\">\n\t\t\t<span class=\"elementor-divider-separator\">\n\t\t\t\t\t\t<\/span>\n\t\t<\/div>\n\t\t\t\t\t\t<\/div>\n\t\t\t\t<\/div>\n\t\t\t\t<div class=\"elementor-element elementor-element-a863670 preserve-img-ratio-cover elementor-widget elementor-widget-the7_elements\" data-id=\"a863670\" data-element_type=\"widget\" data-widget_type=\"the7_elements.default\">\n\t\t\t\t<div class=\"elementor-widget-container\">\n\t\t\t\t\t<div class=\"portfolio-shortcode the7-elementor-widget the7_elements-a863670 mode-grid dt-css-grid-wrap classic-layout-list description-under-image scale-img content-bg-on resize-by-browser-width widget-with-filter loading-effect-none enable-pagination-scroll jquery-filter\" data-padding=\"60px\" data-mobile-columns-num=\"1\" data-tablet-columns-num=\"1\" data-desktop-columns-num=\"2\" data-wide-desktop-columns-num=\"2\" data-post-limit=\"8\" data-pagination-mode=\"pages\" data-scroll-offset=\"0\" aria-live=\"assertive\"><div class=\"iso-filter filter-decorations css-grid-filter extras-off filter filter-pointer-underline filter-animation-drop-in show-filter-categories  \"><div class=\"filter-categories\" data-default-order=\"\" data-default-orderby=\"\"><a href=\"https:\/\/silentsoft.com\/fr\/blog\/\" class=\"show-all filter-item act\" data-filter=\"*\" aria-label=\"Apply filter: All\">All<\/a><a href=\"https:\/\/silentsoft.com\/fr\/blog\/?term=societe\" class=\"filter-item societe\" data-filter=\".category-277\" aria-label=\"Apply filter: Soci\u00e9t\u00e9\">Soci\u00e9t\u00e9<\/a><a href=\"https:\/\/silentsoft.com\/fr\/blog\/?term=technologie\" class=\"filter-item technologie\" data-filter=\".category-271\" aria-label=\"Apply filter: Technologie\">Technologie<\/a><\/div><\/div><div class=\"dt-css-grid custom-pagination-handler\"><div class=\"visible wf-cell category-277\" data-post-id=\"42107\" data-date=\"2024-02-13T15:40:27+01:00\" data-name=\"Un nouveau d\u00e9part\"><article class=\"post visible post-42107 type-post status-publish format-standard has-post-thumbnail hentry category-societe\" data-name=\"Un nouveau d\u00e9part\" data-date=\"2024-02-13T15:40:27+01:00\">\n\n\t<div class=\"post-thumbnail-wrap\">\n\t\t<div class=\"post-thumbnail\">\n\n\t\t\t<a class=\"post-thumbnail-rollover layzr-bg img-css-resize-wrapper\" aria-label=\"Image article\" href=\"https:\/\/silentsoft.com\/fr\/blog\/un-nouveau-depart\/\"><img fetchpriority=\"high\" decoding=\"async\" width=\"1600\" height=\"500\" src=\"data:image\/svg+xml,%3Csvg%20xmlns%3D&#039;http%3A%2F%2Fwww.w3.org%2F2000%2Fsvg&#039;%20viewBox%3D&#039;0%200%201600%20500&#039;%2F%3E\" class=\"attachment-full size-full preload-me aspect lazy lazy-load\" alt=\"Equipe SilentSoft 2024\" sizes=\"(max-width: 1600px) 100vw, 1600px\" style=\"--ratio: 1600 \/ 500;\" data-src=\"https:\/\/silentsoft.com\/wp-content\/uploads\/2024\/02\/SilentSoft-2024-equipe.jpg\" loading=\"eager\" data-srcset=\"https:\/\/silentsoft.com\/wp-content\/uploads\/2024\/02\/SilentSoft-2024-equipe.jpg 1600w, https:\/\/silentsoft.com\/wp-content\/uploads\/2024\/02\/SilentSoft-2024-equipe-300x94.jpg 300w, https:\/\/silentsoft.com\/wp-content\/uploads\/2024\/02\/SilentSoft-2024-equipe-1024x320.jpg 1024w, https:\/\/silentsoft.com\/wp-content\/uploads\/2024\/02\/SilentSoft-2024-equipe-768x240.jpg 768w, https:\/\/silentsoft.com\/wp-content\/uploads\/2024\/02\/SilentSoft-2024-equipe-1536x480.jpg 1536w\" \/><\/a>\n\t\t<\/div>\n\t<\/div>\n\n\n<div class=\"post-entry-content\">\n\n\t<h3 class=\"ele-entry-title\"><a href=\"https:\/\/silentsoft.com\/fr\/blog\/un-nouveau-depart\/\" rel=\"bookmark\" title=\"Un nouveau d\u00e9part\">Un nouveau d\u00e9part<\/a><\/h3><div class=\"entry-meta\"><span class=\"meta-item category-link\"><span>Soci\u00e9t\u00e9<\/span><\/span><span class=\"meta-item data-link\"><time class=\"entry-date updated\" datetime=\"2024-02-13T15:40:27+01:00\">13 f\u00e9vrier 2024<\/time><\/span><\/div><div class=\"entry-excerpt\"><p>En ce d\u00e9but d\u2019ann\u00e9e 2024, nous avons d\u00e9cid\u00e9 de vous partager notre vision d\u2019avenir. Et pour comprendre notre strat\u00e9gie, il est important de revenir sur notre histoire. <\/p>\n<\/div><a href=\"https:\/\/silentsoft.com\/fr\/blog\/un-nouveau-depart\/\" target=\"\" aria-label=\"En savoir plus sur Un nouveau d\u00e9part\" class=\"box-button elementor-button elementor-size-xs\">Read article<\/a>\n<\/div><\/article><\/div><div class=\"visible wf-cell category-271\" data-post-id=\"40506\" data-date=\"2020-01-30T15:40:18+01:00\" data-name=\"Solutions de t\u00e9l\u00e9m\u00e9trie pour citernes avec des sondes de pression et des sondes \u00e0 ultrasons\"><article class=\"post visible post-40506 type-post status-publish format-standard has-post-thumbnail hentry category-technologie\" data-name=\"Solutions de t\u00e9l\u00e9m\u00e9trie pour citernes avec des sondes de pression et des sondes \u00e0 ultrasons\" data-date=\"2020-01-30T15:40:18+01:00\">\n\n\t<div class=\"post-thumbnail-wrap\">\n\t\t<div class=\"post-thumbnail\">\n\n\t\t\t<a class=\"post-thumbnail-rollover layzr-bg img-css-resize-wrapper\" aria-label=\"Image article\" href=\"https:\/\/silentsoft.com\/fr\/blog\/solutions-de-telemetrie-pour-citernes-avec-des-sondes-de-pression-et-des-sondes-a-ultrasons\/\"><img decoding=\"async\" width=\"1600\" height=\"500\" src=\"data:image\/svg+xml,%3Csvg%20xmlns%3D&#039;http%3A%2F%2Fwww.w3.org%2F2000%2Fsvg&#039;%20viewBox%3D&#039;0%200%201600%20500&#039;%2F%3E\" class=\"attachment-full size-full preload-me aspect lazy lazy-load\" alt=\"\" sizes=\"(max-width: 1600px) 100vw, 1600px\" style=\"--ratio: 1600 \/ 500;\" data-src=\"https:\/\/silentsoft.com\/wp-content\/uploads\/2021\/07\/connected-tank-stockview.jpg\" loading=\"eager\" data-srcset=\"https:\/\/silentsoft.com\/wp-content\/uploads\/2021\/07\/connected-tank-stockview.jpg 1600w, https:\/\/silentsoft.com\/wp-content\/uploads\/2021\/07\/connected-tank-stockview-300x94.jpg 300w, https:\/\/silentsoft.com\/wp-content\/uploads\/2021\/07\/connected-tank-stockview-1024x320.jpg 1024w, https:\/\/silentsoft.com\/wp-content\/uploads\/2021\/07\/connected-tank-stockview-768x240.jpg 768w, https:\/\/silentsoft.com\/wp-content\/uploads\/2021\/07\/connected-tank-stockview-1536x480.jpg 1536w, https:\/\/silentsoft.com\/wp-content\/uploads\/2021\/07\/connected-tank-stockview-1200x375.jpg 1200w\" \/><\/a>\n\t\t<\/div>\n\t<\/div>\n\n\n<div class=\"post-entry-content\">\n\n\t<h3 class=\"ele-entry-title\"><a href=\"https:\/\/silentsoft.com\/fr\/blog\/solutions-de-telemetrie-pour-citernes-avec-des-sondes-de-pression-et-des-sondes-a-ultrasons\/\" rel=\"bookmark\" title=\"Solutions de t\u00e9l\u00e9m\u00e9trie pour citernes avec des sondes de pression et des sondes \u00e0 ultrasons\">Solutions de t\u00e9l\u00e9m\u00e9trie pour citernes avec des sondes de pression et des sondes \u00e0 ultrasons<\/a><\/h3><div class=\"entry-meta\"><span class=\"meta-item category-link\"><span>Technologie<\/span><\/span><span class=\"meta-item data-link\"><time class=\"entry-date updated\" datetime=\"2020-01-30T15:40:18+01:00\">30 janvier 2020<\/time><\/span><\/div><div class=\"entry-excerpt\"><p>Depuis le d\u00e9but de la t\u00e9l\u00e9m\u00e9trie en 2000, deux solutions technologiques sont principalement utilis\u00e9es pour suivre les niveaux de liquide des citernes : les sondes de pression et les sondes \u00e0 ultrasons. Avec 20 ans d\u2019exp\u00e9rience dans les installations de syst\u00e8mes de t\u00e9l\u00e9m\u00e9trie, SilentSoft partage son exp\u00e9rience avec des cas pratiques dans lesquels un installateur peut s\u00e9lectionner la meilleure impl\u00e9mentation.<\/p>\n<\/div><a href=\"https:\/\/silentsoft.com\/fr\/blog\/solutions-de-telemetrie-pour-citernes-avec-des-sondes-de-pression-et-des-sondes-a-ultrasons\/\" target=\"\" aria-label=\"En savoir plus sur Solutions de t\u00e9l\u00e9m\u00e9trie pour citernes avec des sondes de pression et des sondes \u00e0 ultrasons\" class=\"box-button elementor-button elementor-size-xs\">Read article<\/a>\n<\/div><\/article><\/div><div class=\"visible wf-cell category-271\" data-post-id=\"40508\" data-date=\"2019-10-26T16:18:01+02:00\" data-name=\"Extinction des r\u00e9seaux 2G \/ 3G: Gestion d\u2019un cas concret\"><article class=\"post visible post-40508 type-post status-publish format-standard has-post-thumbnail hentry category-technologie\" data-name=\"Extinction des r\u00e9seaux 2G \/ 3G: Gestion d\u2019un cas concret\" data-date=\"2019-10-26T16:18:01+02:00\">\n\n\t<div class=\"post-thumbnail-wrap\">\n\t\t<div class=\"post-thumbnail\">\n\n\t\t\t<a class=\"post-thumbnail-rollover layzr-bg img-css-resize-wrapper\" aria-label=\"Image article\" href=\"https:\/\/silentsoft.com\/fr\/blog\/extinction-des-reseaux-2g-3g-gestion-dun-cas-concret\/\"><img decoding=\"async\" width=\"1600\" height=\"500\" src=\"data:image\/svg+xml,%3Csvg%20xmlns%3D&#039;http%3A%2F%2Fwww.w3.org%2F2000%2Fsvg&#039;%20viewBox%3D&#039;0%200%201600%20500&#039;%2F%3E\" class=\"attachment-full size-full preload-me aspect lazy lazy-load\" alt=\"\" sizes=\"(max-width: 1600px) 100vw, 1600px\" style=\"--ratio: 1600 \/ 500;\" data-src=\"https:\/\/silentsoft.com\/wp-content\/uploads\/2021\/07\/2g-3g-sunset-shutdown.jpg\" loading=\"eager\" data-srcset=\"https:\/\/silentsoft.com\/wp-content\/uploads\/2021\/07\/2g-3g-sunset-shutdown.jpg 1600w, https:\/\/silentsoft.com\/wp-content\/uploads\/2021\/07\/2g-3g-sunset-shutdown-300x94.jpg 300w, https:\/\/silentsoft.com\/wp-content\/uploads\/2021\/07\/2g-3g-sunset-shutdown-1024x320.jpg 1024w, https:\/\/silentsoft.com\/wp-content\/uploads\/2021\/07\/2g-3g-sunset-shutdown-768x240.jpg 768w, https:\/\/silentsoft.com\/wp-content\/uploads\/2021\/07\/2g-3g-sunset-shutdown-1536x480.jpg 1536w, https:\/\/silentsoft.com\/wp-content\/uploads\/2021\/07\/2g-3g-sunset-shutdown-1200x375.jpg 1200w\" \/><\/a>\n\t\t<\/div>\n\t<\/div>\n\n\n<div class=\"post-entry-content\">\n\n\t<h3 class=\"ele-entry-title\"><a href=\"https:\/\/silentsoft.com\/fr\/blog\/extinction-des-reseaux-2g-3g-gestion-dun-cas-concret\/\" rel=\"bookmark\" title=\"Extinction des r\u00e9seaux 2G \/ 3G: Gestion d\u2019un cas concret\">Extinction des r\u00e9seaux 2G \/ 3G: Gestion d\u2019un cas concret<\/a><\/h3><div class=\"entry-meta\"><span class=\"meta-item category-link\"><span>Technologie<\/span><\/span><span class=\"meta-item data-link\"><time class=\"entry-date updated\" datetime=\"2019-10-26T16:18:01+02:00\">26 octobre 2019<\/time><\/span><\/div><div class=\"entry-excerpt\"><p>En lib\u00e9rant des ressources r\u00e9seau pour l\u2019introduction de la 5G, certains op\u00e9rateurs t\u00e9l\u00e9coms planifient un arr\u00eat de leurs r\u00e9seaux 2G et\/ou 3G. Les clients souhaitant continuer de profiter de services M2M (Machine To Machine) utilisant ces technologies sont s\u00e9v\u00e8rement impact\u00e9s. Cet article partage quelques id\u00e9es que les op\u00e9rateurs de services peuvent prendre en consid\u00e9ration en ce qui concerne la gestion de l\u2019extinction (Sunset) des r\u00e9seaux 2G\/3G et l\u2019extension de services li\u00e9s \u00e0 l\u2019Internet des Objets.<\/p>\n<\/div><a href=\"https:\/\/silentsoft.com\/fr\/blog\/extinction-des-reseaux-2g-3g-gestion-dun-cas-concret\/\" target=\"\" aria-label=\"En savoir plus sur Extinction des r\u00e9seaux 2G \/ 3G: Gestion d\u2019un cas concret\" class=\"box-button elementor-button elementor-size-xs\">Read article<\/a>\n<\/div><\/article><\/div><div class=\"visible wf-cell category-271\" data-post-id=\"40514\" data-date=\"2019-10-10T16:28:49+02:00\" data-name=\"Du M2M \u00e0 l\u2019Internet des Citernes\"><article class=\"post visible post-40514 type-post status-publish format-standard has-post-thumbnail hentry category-technologie\" data-name=\"Du M2M \u00e0 l\u2019Internet des Citernes\" data-date=\"2019-10-10T16:28:49+02:00\">\n\n\t<div class=\"post-thumbnail-wrap\">\n\t\t<div class=\"post-thumbnail\">\n\n\t\t\t<a class=\"post-thumbnail-rollover layzr-bg img-css-resize-wrapper\" aria-label=\"Image article\" href=\"https:\/\/silentsoft.com\/fr\/blog\/du-m2m-a-internet-des-citernes\/\"><img decoding=\"async\" width=\"1600\" height=\"500\" src=\"data:image\/svg+xml,%3Csvg%20xmlns%3D&#039;http%3A%2F%2Fwww.w3.org%2F2000%2Fsvg&#039;%20viewBox%3D&#039;0%200%201600%20500&#039;%2F%3E\" class=\"attachment-full size-full preload-me aspect lazy lazy-load\" alt=\"\" sizes=\"(max-width: 1600px) 100vw, 1600px\" style=\"--ratio: 1600 \/ 500;\" data-src=\"https:\/\/silentsoft.com\/wp-content\/uploads\/2019\/10\/connected-tank-featured.jpg\" loading=\"eager\" data-srcset=\"https:\/\/silentsoft.com\/wp-content\/uploads\/2019\/10\/connected-tank-featured.jpg 1600w, https:\/\/silentsoft.com\/wp-content\/uploads\/2019\/10\/connected-tank-featured-300x94.jpg 300w, https:\/\/silentsoft.com\/wp-content\/uploads\/2019\/10\/connected-tank-featured-1024x320.jpg 1024w, https:\/\/silentsoft.com\/wp-content\/uploads\/2019\/10\/connected-tank-featured-768x240.jpg 768w, https:\/\/silentsoft.com\/wp-content\/uploads\/2019\/10\/connected-tank-featured-1536x480.jpg 1536w, https:\/\/silentsoft.com\/wp-content\/uploads\/2019\/10\/connected-tank-featured-1200x375.jpg 1200w\" \/><\/a>\n\t\t<\/div>\n\t<\/div>\n\n\n<div class=\"post-entry-content\">\n\n\t<h3 class=\"ele-entry-title\"><a href=\"https:\/\/silentsoft.com\/fr\/blog\/du-m2m-a-internet-des-citernes\/\" rel=\"bookmark\" title=\"Du M2M \u00e0 l\u2019Internet des Citernes\">Du M2M \u00e0 l\u2019Internet des Citernes<\/a><\/h3><div class=\"entry-meta\"><span class=\"meta-item category-link\"><span>Technologie<\/span><\/span><span class=\"meta-item data-link\"><time class=\"entry-date updated\" datetime=\"2019-10-10T16:28:49+02:00\">10 octobre 2019<\/time><\/span><\/div><div class=\"entry-excerpt\"><p>La t\u00e9l\u00e9m\u00e9trie des citernes est une proposition de valeur qui existe depuis 2000. Les r\u00e9gies d\u2019immeubles et les distributeurs utilisent la connectivit\u00e9 M2M (Machine-To-Machine) pour \u00e9viter les ruptures de stocks produit. Les derni\u00e8res technologies de l\u2019Internet des Objets (que nous appelons l\u2019Internet des Citernes) permettent de pr\u00e9parer de nouveaux mod\u00e8les \u00e9conomiques, de r\u00e9duire les co\u00fbts op\u00e9rationnels, d\u2019\u00e9laborer de nouvelles propositions de vente et marketing, de num\u00e9riser et d\u2019optimiser les processus m\u00e9tier avec une efficacit\u00e9 accrue.<\/p>\n<\/div><a href=\"https:\/\/silentsoft.com\/fr\/blog\/du-m2m-a-internet-des-citernes\/\" target=\"\" aria-label=\"En savoir plus sur Du M2M \u00e0 l\u2019Internet des Citernes\" class=\"box-button elementor-button elementor-size-xs\">Read article<\/a>\n<\/div><\/article><\/div><\/div><!-- iso-container|iso-grid --><div class=\"paginator filter-decorations filter-pointer-underline filter-animation-drop-in\" role=\"navigation\"><\/div><\/div>\t\t\t\t<\/div>\n\t\t\t\t<\/div>\n\t\t\t\t\t<\/div>\n\t\t<\/div>\n\t\t\t\t\t<\/div>\n\t\t<\/section>\n\t\t\t\t<\/div>\n\t\t","protected":false},"excerpt":{"rendered":"<p>NOS ARTICLES AllCompanyTechnology A new start Company15 February 2024 In early 2024, we have decided to share with you our vision for the future and to understand our strategy, it is important to look back at our history. Read article Ultrasonic and Pressure sensor telemetry solutions for tanks Technology30 January 2020 From the very start&hellip;<\/p>\n","protected":false},"author":1,"featured_media":0,"parent":0,"menu_order":10,"comment_status":"closed","ping_status":"closed","template":"elementor_header_footer","meta":{"footnotes":""},"class_list":["post-40545","page","type-page","status-publish","hentry"],"jetpack_sharing_enabled":true,"_links":{"self":[{"href":"https:\/\/silentsoft.com\/fr\/wp-json\/wp\/v2\/pages\/40545","targetHints":{"allow":["GET"]}}],"collection":[{"href":"https:\/\/silentsoft.com\/fr\/wp-json\/wp\/v2\/pages"}],"about":[{"href":"https:\/\/silentsoft.com\/fr\/wp-json\/wp\/v2\/types\/page"}],"author":[{"embeddable":true,"href":"https:\/\/silentsoft.com\/fr\/wp-json\/wp\/v2\/users\/1"}],"replies":[{"embeddable":true,"href":"https:\/\/silentsoft.com\/fr\/wp-json\/wp\/v2\/comments?post=40545"}],"version-history":[{"count":6,"href":"https:\/\/silentsoft.com\/fr\/wp-json\/wp\/v2\/pages\/40545\/revisions"}],"predecessor-version":[{"id":42631,"href":"https:\/\/silentsoft.com\/fr\/wp-json\/wp\/v2\/pages\/40545\/revisions\/42631"}],"wp:attachment":[{"href":"https:\/\/silentsoft.com\/fr\/wp-json\/wp\/v2\/media?parent=40545"}],"curies":[{"name":"wp","href":"https:\/\/api.w.org\/{rel}","templated":true}]}}