{"id":42006,"date":"2022-09-27T11:32:19","date_gmt":"2022-09-27T09:32:19","guid":{"rendered":"https:\/\/silentsoft.com\/questionnaire-les-solutions-de-recharge-pour-vehicule-electrique-en-coproprietes\/"},"modified":"2022-10-17T13:58:05","modified_gmt":"2022-10-17T11:58:05","slug":"questionnaire-les-solutions-de-recharge-pour-vehicule-electrique-en-coproprietes","status":"publish","type":"page","link":"https:\/\/silentsoft.com\/fr\/questionnaire-les-solutions-de-recharge-pour-vehicule-electrique-en-coproprietes\/","title":{"rendered":"Questionnaire &#8211; Les solutions de recharge pour v\u00e9hicule \u00e9lectrique en copropri\u00e9t\u00e9s"},"content":{"rendered":"\t\t<div data-elementor-type=\"wp-page\" data-elementor-id=\"42006\" class=\"elementor elementor-42006 elementor-41986\" data-elementor-post-type=\"page\">\n\t\t\t\t\t\t<section class=\"elementor-section elementor-top-section elementor-element elementor-element-c338be0 elementor-section-boxed elementor-section-height-default elementor-section-height-default\" data-id=\"c338be0\" data-element_type=\"section\">\n\t\t\t\t\t\t<div class=\"elementor-container elementor-column-gap-default\">\n\t\t\t\t\t<div class=\"elementor-column elementor-col-33 elementor-top-column elementor-element elementor-element-bf7d69f\" data-id=\"bf7d69f\" data-element_type=\"column\">\n\t\t\t<div class=\"elementor-widget-wrap elementor-element-populated\">\n\t\t\t\t\t\t<div class=\"elementor-element elementor-element-435789c elementor-widget elementor-widget-image\" data-id=\"435789c\" data-element_type=\"widget\" data-widget_type=\"image.default\">\n\t\t\t\t<div class=\"elementor-widget-container\">\n\t\t\t\t\t\t\t\t\t\t\t\t\t\t\t<img decoding=\"async\" src=\"https:\/\/silentsoft.com\/wp-content\/uploads\/2022\/09\/Prise-recharge-voiture-electrique-1.png\" title=\"\" alt=\"\" loading=\"lazy\" \/>\t\t\t\t\t\t\t\t\t\t\t\t\t\t\t<\/div>\n\t\t\t\t<\/div>\n\t\t\t\t\t<\/div>\n\t\t<\/div>\n\t\t\t\t<div class=\"elementor-column elementor-col-66 elementor-top-column elementor-element elementor-element-f1bd9bb\" data-id=\"f1bd9bb\" data-element_type=\"column\">\n\t\t\t<div class=\"elementor-widget-wrap elementor-element-populated\">\n\t\t\t\t\t\t<div class=\"elementor-element elementor-element-80750f6 elementor-widget elementor-widget-text-editor\" data-id=\"80750f6\" data-element_type=\"widget\" data-widget_type=\"text-editor.default\">\n\t\t\t\t<div class=\"elementor-widget-container\">\n\t\t\t\t\t\t\t\t\t<div style=\"width: 100%; height: 950px; background-color: #0445af; color: #ffffff; font-size: 20; border-radius: 100; popup-type: button;\" data-tf-widget=\"KAcOwV6R\" data-tf-opacity=\"100\" data-tf-button-color=\"#0445AF\" data-tf-button-text=\"Launch me\" data-tf-medium=\"embed-wordpress\"><\/div>\n<script src=\"\/\/embed.typeform.com\/next\/embed.js\"><\/script>\t\t\t\t\t\t\t\t<\/div>\n\t\t\t\t<\/div>\n\t\t\t\t\t<\/div>\n\t\t<\/div>\n\t\t\t\t\t<\/div>\n\t\t<\/section>\n\t\t\t\t<\/div>\n\t\t","protected":false},"excerpt":{"rendered":"","protected":false},"author":4,"featured_media":0,"parent":0,"menu_order":0,"comment_status":"closed","ping_status":"closed","template":"","meta":{"footnotes":""},"class_list":["post-42006","page","type-page","status-publish","hentry"],"jetpack_sharing_enabled":true,"_links":{"self":[{"href":"https:\/\/silentsoft.com\/fr\/wp-json\/wp\/v2\/pages\/42006","targetHints":{"allow":["GET"]}}],"collection":[{"href":"https:\/\/silentsoft.com\/fr\/wp-json\/wp\/v2\/pages"}],"about":[{"href":"https:\/\/silentsoft.com\/fr\/wp-json\/wp\/v2\/types\/page"}],"author":[{"embeddable":true,"href":"https:\/\/silentsoft.com\/fr\/wp-json\/wp\/v2\/users\/4"}],"replies":[{"embeddable":true,"href":"https:\/\/silentsoft.com\/fr\/wp-json\/wp\/v2\/comments?post=42006"}],"version-history":[{"count":0,"href":"https:\/\/silentsoft.com\/fr\/wp-json\/wp\/v2\/pages\/42006\/revisions"}],"wp:attachment":[{"href":"https:\/\/silentsoft.com\/fr\/wp-json\/wp\/v2\/media?parent=42006"}],"curies":[{"name":"wp","href":"https:\/\/api.w.org\/{rel}","templated":true}]}}